{"id":9,"date":"2023-09-25T00:13:21","date_gmt":"2023-09-24T22:13:21","guid":{"rendered":"https:\/\/nordic-walking.sk\/povazska-bystrica-bytca\/?page_id=9"},"modified":"2025-03-11T10:01:32","modified_gmt":"2025-03-11T09:01:32","slug":"ponuka-aktivit","status":"publish","type":"page","link":"https:\/\/nordic-walking.sk\/povazska-bystrica-bytca\/ponuka-aktivit\/","title":{"rendered":"Ponuka aktiv\u00edt"},"content":{"rendered":"\n<h3 class=\"wp-block-heading\">Mini kurz nordic walking<\/h3>\n\n\n\n<p>Praktick\u00e1 v\u00fduka nordic walkingu ur\u010den\u00e1 pre v\u0161etk\u00fdch, ktor\u00ed maj\u00fa z\u00e1ujem o z\u00e1kladn\u00e9 inform\u00e1cie k nordic walking. Kurz je vhodn\u00fd aj pre seniorov\/ky, \u010di pacientov\/ky a osoby so zdravotn\u00fdm postihnut\u00edm. D\u013a\u017eka kurzu je 3 hod a cena kurzu je 39 \u20ac. Palice na nordic walking v\u00e1m na kurze zapo\u017ei\u010diame zdarma. Kurzy organizuje Slovensk\u00e1 asoci\u00e1cia nordic walking (SNWA) a v Pova\u017eskej Bystrici ich vedie certifikovan\u00fd in\u0161truktor Milan Rant\u00fach. Minim\u00e1lny po\u010det prihl\u00e1sen\u00fdch s\u00fa 2 osoby. Pre prihl\u00e1senie na tento kurz je potrebn\u00e9 vyplni\u0165 <a href=\"https:\/\/snwa.sk\/podujatie\/mini-kurz-ii-povazska-bystrica-2\/\">prih\u00e1\u0161ku na tejto str\u00e1nke<\/a>.<\/p>\n\n\n\n<h3 class=\"wp-block-heading\">Z\u00e1kladn\u00fd kurz nordic walking<\/h3>\n\n\n\n<p>Praktick\u00e1 v\u00fduka nordic walkingu pln\u00e1 d\u00f4le\u017eit\u00fdch inform\u00e1ci\u00ed je ur\u010den\u00e1 pre v\u0161etk\u00fdch, ktor\u00ed maj\u00fa z\u00e1ujem o nordic walking. Po tomto kurze budete schopn\u00ed spr\u00e1vne dr\u017ea\u0165 telo, zdravo kr\u00e1\u010da\u0165 a zacvi\u010di\u0165 si s pali\u010dkami. D\u013a\u017eka kurzu je 5,5 hod a cena kurzu je 69 \u20ac. Palice na nordic walking v\u00e1m na kurze zapo\u017ei\u010diame zdarma. Kurzy organizuje Slovensk\u00e1 asoci\u00e1cia nordic walking (SNWA) a v Pova\u017eskej Bystrici ich vedie certifikovan\u00fd in\u0161truktor Milan Rant\u00fach. Minim\u00e1lny po\u010det prihl\u00e1sen\u00fdch s\u00fa 2 osoby. Od SNWA z\u00e1rove\u0148 z\u00edskate certifik\u00e1t o absolvovan\u00ed kurzu. Pre prihl\u00e1senie na tento kurz je potrebn\u00e9 vyplni\u0165 <a href=\"https:\/\/snwa.sk\/podujatie\/zakladny-kurz-ii-povazska-bystrica-2\/\">prihl\u00e1\u0161ku na tejto str\u00e1nke<\/a>.<\/p>\n\n\n\n<h3 class=\"wp-block-heading\">Individu\u00e1lny kurz nordic walking<\/h3>\n\n\n\n<p>Ak v\u00e1m z nejak\u00e9ho d\u00f4vodu nevyhovuj\u00fa na\u0161e pl\u00e1novan\u00e9 kurzy realizovan\u00e9 prostredn\u00edctvom SNWA, tak je mo\u017en\u00e9 sa dohodn\u00fa\u0165 aj na individu\u00e1lnom kurze. Z\u00edskate t\u00fdm n\u00e1\u0161 \u010das, ktor\u00fd budeme venova\u0165 \u010disto len v\u00e1m. Prejdeme si spolu z\u00e1klady, popracujeme na va\u0161ej technike a aj na odstr\u00e1nen\u00ed va\u0161ich ch\u00fdb. Miesto, \u010das a tempo plne prisp\u00f4sob\u00edme va\u0161im po\u017eiadavk\u00e1m. D\u013a\u017eka kurzu je v tomto pr\u00edpade individu\u00e1lna, ale spravidla s\u00fa to minim\u00e1lne 2 hodiny. Cena za\u010d\u00edna od 25 \u20ac za ka\u017ed\u00fa hodinu. V pr\u00edpade v\u00e4\u010d\u0161ieho po\u010dtu \u00fa\u010dastn\u00edkov bude cena stanoven\u00e1 individu\u00e1lne. V pr\u00edpade z\u00e1ujmu o individu\u00e1lny kurz <a href=\"\/povazska-bystrica-bytca\/kontakty\/\">kontaktujte in\u0161truktora<\/a>.<\/p>\n\n\n\n<h3 class=\"wp-block-heading\">Tr\u00e9ningy nordic walking<\/h3>\n\n\n\n<p>Tieto tr\u00e9ningy s\u00fa ur\u010den\u00e9 pre t\u00fdch, ktor\u00ed u\u017e absolvovali minim\u00e1lne Minikurz SNWA a maj\u00fa zvl\u00e1dnut\u00e9 z\u00e1klady techniky. Na tr\u00e9ningoch si m\u00f4\u017eete zdokonali\u0165 svoju techniku pod doh\u013eadom in\u0161truktora. Tr\u00e9ningy nordic walking s\u00fa pravidelnou aktivitou, vhodnou pre t\u00fdch, ktor\u00ed chc\u00fa nordic walking zaradi\u0165 do svojho pravideln\u00e9ho pohybov\u00e9ho harmonogramu. D\u013a\u017eka tr\u00e9ningu je cca 2 hodiny a cena tr\u00e9ningu je 10 \u20ac. Pre z\u00e1ujemcov o pravideln\u00e9 tr\u00e9ningy je k dispoz\u00edcii aj pernamentku na 5 tr\u00e9ningov za zv\u00fdhodnen\u00fa cenu 30 Euro. V pr\u00edpade z\u00e1ujmu o tr\u00e9ning <a href=\"\/povazska-bystrica-bytca\/kontakty\/\">kontaktujte in\u0161truktora<\/a>.<\/p>\n\n\n\n<h3 class=\"wp-block-heading\">Eventy a teambuildingy<\/h3>\n\n\n\n<p>Nordic walking sa perfektne hod\u00ed ako teambuildingov\u00e1 aktivita pre va\u0161u firmu. Zabav\u00edte sa pri zaujimav\u00fdch skupinov\u00fdch cvi\u010deniach, vysk\u00fa\u0161ate si viacer\u00e9 s\u00fa\u0165a\u017ee s pali\u010dkami a e\u0161te sa aj nau\u010d\u00edte spr\u00e1vne dr\u017ea\u0165 telo. Zapo\u017ei\u010diame v\u00e1m palice a v pr\u00edpade z\u00e1umu m\u00f4\u017eeme pripravi\u0165 aj v\u00fdlet v okol\u00ed. Jednoducho sa plne prisp\u00f4sob\u00edme va\u0161im \u013eudom a potreb\u00e1m. V pr\u00edpade z\u00e1ujmu o skupinov\u00e9 a firemn\u00e9 akcie <a href=\"\/povazska-bystrica-bytca\/kontakty\/\">kontaktujte in\u0161truktora<\/a>.<\/p>\n","protected":false},"excerpt":{"rendered":"<p>Mini kurz nordic walking Praktick\u00e1 v\u00fduka nordic walkingu ur\u010den\u00e1 pre v\u0161etk\u00fdch, ktor\u00ed maj\u00fa z\u00e1ujem o z\u00e1kladn\u00e9 inform\u00e1cie k nordic walking. Kurz je vhodn\u00fd aj pre seniorov\/ky, \u010di pacientov\/ky a osoby so zdravotn\u00fdm postihnut\u00edm. D\u013a\u017eka kurzu je 3 hod a cena kurzu je 39 \u20ac. Palice na nordic walking v\u00e1m na kurze zapo\u017ei\u010diame zdarma. Kurzy organizuje [&hellip;]<\/p>\n","protected":false},"author":1,"featured_media":0,"parent":0,"menu_order":0,"comment_status":"closed","ping_status":"closed","template":"wp-custom-template-stranka-kontakty","meta":{"footnotes":""},"class_list":["post-9","page","type-page","status-publish","hentry"],"_links":{"self":[{"href":"https:\/\/nordic-walking.sk\/povazska-bystrica-bytca\/wp-json\/wp\/v2\/pages\/9","targetHints":{"allow":["GET"]}}],"collection":[{"href":"https:\/\/nordic-walking.sk\/povazska-bystrica-bytca\/wp-json\/wp\/v2\/pages"}],"about":[{"href":"https:\/\/nordic-walking.sk\/povazska-bystrica-bytca\/wp-json\/wp\/v2\/types\/page"}],"author":[{"embeddable":true,"href":"https:\/\/nordic-walking.sk\/povazska-bystrica-bytca\/wp-json\/wp\/v2\/users\/1"}],"replies":[{"embeddable":true,"href":"https:\/\/nordic-walking.sk\/povazska-bystrica-bytca\/wp-json\/wp\/v2\/comments?post=9"}],"version-history":[{"count":10,"href":"https:\/\/nordic-walking.sk\/povazska-bystrica-bytca\/wp-json\/wp\/v2\/pages\/9\/revisions"}],"predecessor-version":[{"id":405,"href":"https:\/\/nordic-walking.sk\/povazska-bystrica-bytca\/wp-json\/wp\/v2\/pages\/9\/revisions\/405"}],"wp:attachment":[{"href":"https:\/\/nordic-walking.sk\/povazska-bystrica-bytca\/wp-json\/wp\/v2\/media?parent=9"}],"curies":[{"name":"wp","href":"https:\/\/api.w.org\/{rel}","templated":true}]}}